{"id":5664,"date":"2014-02-04T10:51:53","date_gmt":"2014-02-04T17:51:53","guid":{"rendered":"http:\/\/plantingseedsblog.cdfa.ca.gov\/wordpress\/?page_id=5664"},"modified":"2020-02-24T15:25:54","modified_gmt":"2020-02-24T22:25:54","slug":"cdfa-introduce-una-pagina-web-de-recursos-para-la-sequia","status":"publish","type":"page","link":"https:\/\/plantingseedsblog.cdfa.ca.gov\/wordpress\/index.php\/cdfa-introduce-una-pagina-web-de-recursos-para-la-sequia\/","title":{"rendered":"CDFA introduce una p\u00e1gina web de recursos para la sequ\u00eda"},"content":{"rendered":"<div lang=\"es\">\n<p><a href=\"http:\/\/plantingseedsblog.cdfa.ca.gov\/wordpress\/wp-content\/uploads\/2014\/02\/drought_banner_esp_blog.jpg\"><img decoding=\"async\" class=\"aligncenter size-full wp-image-5665\" src=\"http:\/\/plantingseedsblog.cdfa.ca.gov\/wordpress\/wp-content\/uploads\/2014\/02\/drought_banner_esp_blog.jpg\" alt=\"Recursos de Sequia - Para los agricultores, ganaderos y trabajadores agricolas\" width=\"600\" height=\"125\" srcset=\"https:\/\/plantingseedsblog.cdfa.ca.gov\/wordpress\/wp-content\/uploads\/2014\/02\/drought_banner_esp_blog.jpg 600w, https:\/\/plantingseedsblog.cdfa.ca.gov\/wordpress\/wp-content\/uploads\/2014\/02\/drought_banner_esp_blog-300x62.jpg 300w\" sizes=\"(max-width: 600px) 100vw, 600px\" \/><\/a><\/p>\n<p>El Departamento de Alimentos y Agricultura de California <i>(California Department of Food and Agriculture \u2013 CDFA) <\/i>ha creado<a href=\"http:\/\/www.cdfa.ca.gov\/drought\/\"> una p\u00e1gina web listando los recursos disponible por motivo de la sequ\u00eda<\/a>.&nbsp; La p\u00e1gina fue creada con el prop\u00f3sito de servir como punto central para obtener informaci\u00f3n sobre la sequ\u00eda en California y sobre los programas de asistencia disponibles para los agricultores, rancheros y trabajadores del campo.<\/p>\n<p>La p\u00e1gina incluye enlaces para conectarse con la <a href=\"http:\/\/www.rma.usda.gov\/policies\/2014policy.html\">Agencia de Administraci\u00f3n de Riesgos del Departamento de Agricultura de Estados Unidos <i>(USDA Risk Management Agency<\/i><\/a>), la <a href=\"http:\/\/www.fsa.usda.gov\/FSA\/newsReleases?area=newsroom&amp;subject=landing&amp;topic=pfs&amp;newstype=prfactsheet&amp;type=detail&amp;item=pf_20090318_distr_en_nap.html\">&nbsp;Agencia de Servicio Agr\u00edcola del Departamento de Agricultura de Estados Unidos <i>(Farm Services<\/i> <i>Agency<\/i>,<\/a>&nbsp;el <a href=\"http:\/\/www.nrcs.usda.gov\/wps\/portal\/nrcs\/main\/national\/programs\/technical\/\">Servicio de Conservaci\u00f3n de Recursos Naturales del Departamento de Agricultura de Estados Unidos <i>(Natural Resources Conservation Service<\/i><\/a><i>)<\/i>, y la&nbsp;<a href=\"http:\/\/www.rurdev.usda.gov\/HAD-CF_Loans.html\">Agencia de Desarrollo Rural del Departamento de Agriculutura de Estados Unidos <i>(Rural Development<\/i><\/a>). Tambi\u00e9n hay un enlace para conectarse con la <a href=\"http:\/\/www.sba.gov\/content\/economic-injury-disaster-loans\">Administraci\u00f3n Federal de Peque\u00f1os Negocios <i>(US Small Business Administration)<\/i>.<\/a>&nbsp;Todos estos grupos tienen programas que podr\u00edan ser de ayuda a los agricultores y rancheros afectados por la sequ\u00eda.<\/p>\n<p>Adicionalmente, hay un enlace para conectarse con el&nbsp;<a href=\"http:\/\/www.csd.ca.gov\/\">Departamento del Estado de California para el Desarrollo y Servicios a la Comunidad <i>(Department of Community Services and<\/i> <i>Development)<\/i><\/a>, el cual se asocia con organizaciones privadas, otras sin fines de lucro, as\u00ed como con organizaciones gubernamentales basadas en la comunidad que est\u00e1n dedicadas a proporcionar asistencia a personas y familias de bajos ingresos. Las organizaciones con las que se asocia incluyen cuatro agencias regionales para migrantes y trabajadores del campo que trabajan por temporada; dichas agencias pueden ayudar con asistencia para pagar la renta, servicios para conseguir empleo y servicios relacionados a la alimentaci\u00f3n y nutrici\u00f3n.<\/p>\n<p>Se proporcionar\u00e1 informaci\u00f3n adicional a medida que est\u00e9 disponible; eso incluye datos sobre otros recursos a nivel estatal y federal.<\/p>\n<p>La p\u00e1gina web se a\u00f1ade al trabajo que ya hab\u00eda puesto en marcha el <i>CDFA<\/i> para apoyar la respuesta que est\u00e1 brindando California en relaci\u00f3n a la sequ\u00eda.&nbsp; El <i>CDFA<\/i> est\u00e1 trabajando con agencias estatales y federales para organizar una serie de juntas para informar a los agricultores y trabajadores del campo sobre los programas de asistencia que est\u00e1n disponibles.&nbsp; El <i>CDFA<\/i> continuar\u00e1 trabajando con los bancos de alimentos de California para remediar los impactos ocasionados por la sequ\u00eda; tambi\u00e9n est\u00e1 trabajando con la Universidad de California <i>(University of California)<\/i> para desarrollar m\u00e9todos para la evaluaci\u00f3n en tiempo real del impacto de la sequ\u00eda en las comunidades agr\u00edcolas y ganaderas.&nbsp; Adicionalmente ayer, Karen Ross, Secretaria del <i>CDFA<\/i>, acompa\u00f1\u00f3 en Washington D.C. a Tom Vilsak, Secretario del <i>USDA,<\/i> para anunciar la disponibilidad de <a href=\"http:\/\/www.cdfa.ca.gov\/egov\/Press_Releases\/Press_Release.asp?PRnum=14-004\">20 millones de d\u00f3lares en asistencia federal<\/a>&nbsp;para apoyar los esfuerzos de conservaci\u00f3n de agua de los agricultores de California durante condiciones severas de sequ\u00eda.<\/p>\n<\/div>\n","protected":false},"excerpt":{"rendered":"<p>El Departamento de Alimentos y Agricultura de California (California Department of Food and Agriculture \u2013 CDFA) ha creado una p\u00e1gina web listando los recursos disponible por motivo de la sequ\u00eda.&nbsp; La p\u00e1gina fue creada con el prop\u00f3sito de servir como &hellip; <a href=\"https:\/\/plantingseedsblog.cdfa.ca.gov\/wordpress\/index.php\/cdfa-introduce-una-pagina-web-de-recursos-para-la-sequia\/\">Continue reading <span class=\"meta-nav\">&rarr;<\/span><\/a><\/p>\n","protected":false},"author":12,"featured_media":0,"parent":0,"menu_order":0,"comment_status":"open","ping_status":"open","template":"","meta":{"jetpack_post_was_ever_published":false,"footnotes":""},"class_list":["post-5664","page","type-page","status-publish","hentry"],"yoast_head":"<!-- This site is optimized with the Yoast SEO plugin v27.2 - https:\/\/yoast.com\/product\/yoast-seo-wordpress\/ -->\r\n<title>CDFA introduce una p\u00e1gina web de recursos para la sequ\u00eda - CDFA&#039;s Planting Seeds Blog<\/title>\r\n<meta name=\"robots\" content=\"index, follow, max-snippet:-1, max-image-preview:large, max-video-preview:-1\" \/>\r\n<link rel=\"canonical\" href=\"https:\/\/plantingseedsblog.cdfa.ca.gov\/wordpress\/index.php\/cdfa-introduce-una-pagina-web-de-recursos-para-la-sequia\/\" \/>\r\n<meta property=\"og:locale\" content=\"en_US\" \/>\r\n<meta property=\"og:type\" content=\"article\" \/>\r\n<meta property=\"og:title\" content=\"CDFA introduce una p\u00e1gina web de recursos para la sequ\u00eda - CDFA&#039;s Planting Seeds Blog\" \/>\r\n<meta property=\"og:description\" content=\"El Departamento de Alimentos y Agricultura de California (California Department of Food and Agriculture \u2013 CDFA) ha creado una p\u00e1gina web listando los recursos disponible por motivo de la sequ\u00eda.&nbsp; La p\u00e1gina fue creada con el prop\u00f3sito de servir como &hellip; Continue reading &rarr;\" \/>\r\n<meta property=\"og:url\" content=\"https:\/\/plantingseedsblog.cdfa.ca.gov\/wordpress\/index.php\/cdfa-introduce-una-pagina-web-de-recursos-para-la-sequia\/\" \/>\r\n<meta property=\"og:site_name\" content=\"CDFA&#039;s Planting Seeds Blog\" \/>\r\n<meta property=\"article:modified_time\" content=\"2020-02-24T22:25:54+00:00\" \/>\r\n<meta property=\"og:image\" content=\"https:\/\/plantingseedsblog.cdfa.ca.gov\/wordpress\/wp-content\/uploads\/2014\/02\/drought_banner_esp_blog.jpg\" \/>\r\n\t<meta property=\"og:image:width\" content=\"600\" \/>\r\n\t<meta property=\"og:image:height\" content=\"125\" \/>\r\n\t<meta property=\"og:image:type\" content=\"image\/jpeg\" \/>\r\n<meta name=\"twitter:card\" content=\"summary_large_image\" \/>\r\n<meta name=\"twitter:label1\" content=\"Est. reading time\" \/>\n\t<meta name=\"twitter:data1\" content=\"2 minutes\" \/>\r\n<script type=\"application\/ld+json\" class=\"yoast-schema-graph\">{\"@context\":\"https:\/\/schema.org\",\"@graph\":[{\"@type\":\"WebPage\",\"@id\":\"https:\/\/plantingseedsblog.cdfa.ca.gov\/wordpress\/index.php\/cdfa-introduce-una-pagina-web-de-recursos-para-la-sequia\/\",\"url\":\"https:\/\/plantingseedsblog.cdfa.ca.gov\/wordpress\/index.php\/cdfa-introduce-una-pagina-web-de-recursos-para-la-sequia\/\",\"name\":\"CDFA introduce una p\u00e1gina web de recursos para la sequ\u00eda - CDFA&#039;s Planting Seeds Blog\",\"isPartOf\":{\"@id\":\"https:\/\/plantingseedsblog.cdfa.ca.gov\/wordpress\/#website\"},\"primaryImageOfPage\":{\"@id\":\"https:\/\/plantingseedsblog.cdfa.ca.gov\/wordpress\/index.php\/cdfa-introduce-una-pagina-web-de-recursos-para-la-sequia\/#primaryimage\"},\"image\":{\"@id\":\"https:\/\/plantingseedsblog.cdfa.ca.gov\/wordpress\/index.php\/cdfa-introduce-una-pagina-web-de-recursos-para-la-sequia\/#primaryimage\"},\"thumbnailUrl\":\"http:\/\/plantingseedsblog.cdfa.ca.gov\/wordpress\/wp-content\/uploads\/2014\/02\/drought_banner_esp_blog.jpg\",\"datePublished\":\"2014-02-04T17:51:53+00:00\",\"dateModified\":\"2020-02-24T22:25:54+00:00\",\"breadcrumb\":{\"@id\":\"https:\/\/plantingseedsblog.cdfa.ca.gov\/wordpress\/index.php\/cdfa-introduce-una-pagina-web-de-recursos-para-la-sequia\/#breadcrumb\"},\"inLanguage\":\"en-US\",\"potentialAction\":[{\"@type\":\"ReadAction\",\"target\":[\"https:\/\/plantingseedsblog.cdfa.ca.gov\/wordpress\/index.php\/cdfa-introduce-una-pagina-web-de-recursos-para-la-sequia\/\"]}]},{\"@type\":\"ImageObject\",\"inLanguage\":\"en-US\",\"@id\":\"https:\/\/plantingseedsblog.cdfa.ca.gov\/wordpress\/index.php\/cdfa-introduce-una-pagina-web-de-recursos-para-la-sequia\/#primaryimage\",\"url\":\"http:\/\/plantingseedsblog.cdfa.ca.gov\/wordpress\/wp-content\/uploads\/2014\/02\/drought_banner_esp_blog.jpg\",\"contentUrl\":\"http:\/\/plantingseedsblog.cdfa.ca.gov\/wordpress\/wp-content\/uploads\/2014\/02\/drought_banner_esp_blog.jpg\"},{\"@type\":\"BreadcrumbList\",\"@id\":\"https:\/\/plantingseedsblog.cdfa.ca.gov\/wordpress\/index.php\/cdfa-introduce-una-pagina-web-de-recursos-para-la-sequia\/#breadcrumb\",\"itemListElement\":[{\"@type\":\"ListItem\",\"position\":1,\"name\":\"Home\",\"item\":\"https:\/\/plantingseedsblog.cdfa.ca.gov\/wordpress\/\"},{\"@type\":\"ListItem\",\"position\":2,\"name\":\"CDFA introduce una p\u00e1gina web de recursos para la sequ\u00eda\"}]},{\"@type\":\"WebSite\",\"@id\":\"https:\/\/plantingseedsblog.cdfa.ca.gov\/wordpress\/#website\",\"url\":\"https:\/\/plantingseedsblog.cdfa.ca.gov\/wordpress\/\",\"name\":\"CDFA's Planting Seeds Blog\",\"description\":\"Making California a better place to live because of what we grow and how we grow it.\",\"publisher\":{\"@id\":\"https:\/\/plantingseedsblog.cdfa.ca.gov\/wordpress\/#organization\"},\"potentialAction\":[{\"@type\":\"SearchAction\",\"target\":{\"@type\":\"EntryPoint\",\"urlTemplate\":\"https:\/\/plantingseedsblog.cdfa.ca.gov\/wordpress\/?s={search_term_string}\"},\"query-input\":{\"@type\":\"PropertyValueSpecification\",\"valueRequired\":true,\"valueName\":\"search_term_string\"}}],\"inLanguage\":\"en-US\"},{\"@type\":\"Organization\",\"@id\":\"https:\/\/plantingseedsblog.cdfa.ca.gov\/wordpress\/#organization\",\"name\":\"CDFA's Planting Seeds Blog\",\"url\":\"https:\/\/plantingseedsblog.cdfa.ca.gov\/wordpress\/\",\"logo\":{\"@type\":\"ImageObject\",\"inLanguage\":\"en-US\",\"@id\":\"https:\/\/plantingseedsblog.cdfa.ca.gov\/wordpress\/#\/schema\/logo\/image\/\",\"url\":\"https:\/\/plantingseedsblog.cdfa.ca.gov\/wordpress\/wp-content\/uploads\/2026\/02\/CDFA-logo-horizontal-hi-res-scaled.jpg\",\"contentUrl\":\"https:\/\/plantingseedsblog.cdfa.ca.gov\/wordpress\/wp-content\/uploads\/2026\/02\/CDFA-logo-horizontal-hi-res-scaled.jpg\",\"width\":2560,\"height\":585,\"caption\":\"CDFA's Planting Seeds Blog\"},\"image\":{\"@id\":\"https:\/\/plantingseedsblog.cdfa.ca.gov\/wordpress\/#\/schema\/logo\/image\/\"}}]}<\/script>\r\n<!-- \/ Yoast SEO plugin. -->","yoast_head_json":{"title":"CDFA introduce una p\u00e1gina web de recursos para la sequ\u00eda - CDFA&#039;s Planting Seeds Blog","robots":{"index":"index","follow":"follow","max-snippet":"max-snippet:-1","max-image-preview":"max-image-preview:large","max-video-preview":"max-video-preview:-1"},"canonical":"https:\/\/plantingseedsblog.cdfa.ca.gov\/wordpress\/index.php\/cdfa-introduce-una-pagina-web-de-recursos-para-la-sequia\/","og_locale":"en_US","og_type":"article","og_title":"CDFA introduce una p\u00e1gina web de recursos para la sequ\u00eda - CDFA&#039;s Planting Seeds Blog","og_description":"El Departamento de Alimentos y Agricultura de California (California Department of Food and Agriculture \u2013 CDFA) ha creado una p\u00e1gina web listando los recursos disponible por motivo de la sequ\u00eda.&nbsp; La p\u00e1gina fue creada con el prop\u00f3sito de servir como &hellip; Continue reading &rarr;","og_url":"https:\/\/plantingseedsblog.cdfa.ca.gov\/wordpress\/index.php\/cdfa-introduce-una-pagina-web-de-recursos-para-la-sequia\/","og_site_name":"CDFA&#039;s Planting Seeds Blog","article_modified_time":"2020-02-24T22:25:54+00:00","og_image":[{"width":600,"height":125,"url":"https:\/\/plantingseedsblog.cdfa.ca.gov\/wordpress\/wp-content\/uploads\/2014\/02\/drought_banner_esp_blog.jpg","type":"image\/jpeg"}],"twitter_card":"summary_large_image","twitter_misc":{"Est. reading time":"2 minutes"},"schema":{"@context":"https:\/\/schema.org","@graph":[{"@type":"WebPage","@id":"https:\/\/plantingseedsblog.cdfa.ca.gov\/wordpress\/index.php\/cdfa-introduce-una-pagina-web-de-recursos-para-la-sequia\/","url":"https:\/\/plantingseedsblog.cdfa.ca.gov\/wordpress\/index.php\/cdfa-introduce-una-pagina-web-de-recursos-para-la-sequia\/","name":"CDFA introduce una p\u00e1gina web de recursos para la sequ\u00eda - CDFA&#039;s Planting Seeds Blog","isPartOf":{"@id":"https:\/\/plantingseedsblog.cdfa.ca.gov\/wordpress\/#website"},"primaryImageOfPage":{"@id":"https:\/\/plantingseedsblog.cdfa.ca.gov\/wordpress\/index.php\/cdfa-introduce-una-pagina-web-de-recursos-para-la-sequia\/#primaryimage"},"image":{"@id":"https:\/\/plantingseedsblog.cdfa.ca.gov\/wordpress\/index.php\/cdfa-introduce-una-pagina-web-de-recursos-para-la-sequia\/#primaryimage"},"thumbnailUrl":"http:\/\/plantingseedsblog.cdfa.ca.gov\/wordpress\/wp-content\/uploads\/2014\/02\/drought_banner_esp_blog.jpg","datePublished":"2014-02-04T17:51:53+00:00","dateModified":"2020-02-24T22:25:54+00:00","breadcrumb":{"@id":"https:\/\/plantingseedsblog.cdfa.ca.gov\/wordpress\/index.php\/cdfa-introduce-una-pagina-web-de-recursos-para-la-sequia\/#breadcrumb"},"inLanguage":"en-US","potentialAction":[{"@type":"ReadAction","target":["https:\/\/plantingseedsblog.cdfa.ca.gov\/wordpress\/index.php\/cdfa-introduce-una-pagina-web-de-recursos-para-la-sequia\/"]}]},{"@type":"ImageObject","inLanguage":"en-US","@id":"https:\/\/plantingseedsblog.cdfa.ca.gov\/wordpress\/index.php\/cdfa-introduce-una-pagina-web-de-recursos-para-la-sequia\/#primaryimage","url":"http:\/\/plantingseedsblog.cdfa.ca.gov\/wordpress\/wp-content\/uploads\/2014\/02\/drought_banner_esp_blog.jpg","contentUrl":"http:\/\/plantingseedsblog.cdfa.ca.gov\/wordpress\/wp-content\/uploads\/2014\/02\/drought_banner_esp_blog.jpg"},{"@type":"BreadcrumbList","@id":"https:\/\/plantingseedsblog.cdfa.ca.gov\/wordpress\/index.php\/cdfa-introduce-una-pagina-web-de-recursos-para-la-sequia\/#breadcrumb","itemListElement":[{"@type":"ListItem","position":1,"name":"Home","item":"https:\/\/plantingseedsblog.cdfa.ca.gov\/wordpress\/"},{"@type":"ListItem","position":2,"name":"CDFA introduce una p\u00e1gina web de recursos para la sequ\u00eda"}]},{"@type":"WebSite","@id":"https:\/\/plantingseedsblog.cdfa.ca.gov\/wordpress\/#website","url":"https:\/\/plantingseedsblog.cdfa.ca.gov\/wordpress\/","name":"CDFA's Planting Seeds Blog","description":"Making California a better place to live because of what we grow and how we grow it.","publisher":{"@id":"https:\/\/plantingseedsblog.cdfa.ca.gov\/wordpress\/#organization"},"potentialAction":[{"@type":"SearchAction","target":{"@type":"EntryPoint","urlTemplate":"https:\/\/plantingseedsblog.cdfa.ca.gov\/wordpress\/?s={search_term_string}"},"query-input":{"@type":"PropertyValueSpecification","valueRequired":true,"valueName":"search_term_string"}}],"inLanguage":"en-US"},{"@type":"Organization","@id":"https:\/\/plantingseedsblog.cdfa.ca.gov\/wordpress\/#organization","name":"CDFA's Planting Seeds Blog","url":"https:\/\/plantingseedsblog.cdfa.ca.gov\/wordpress\/","logo":{"@type":"ImageObject","inLanguage":"en-US","@id":"https:\/\/plantingseedsblog.cdfa.ca.gov\/wordpress\/#\/schema\/logo\/image\/","url":"https:\/\/plantingseedsblog.cdfa.ca.gov\/wordpress\/wp-content\/uploads\/2026\/02\/CDFA-logo-horizontal-hi-res-scaled.jpg","contentUrl":"https:\/\/plantingseedsblog.cdfa.ca.gov\/wordpress\/wp-content\/uploads\/2026\/02\/CDFA-logo-horizontal-hi-res-scaled.jpg","width":2560,"height":585,"caption":"CDFA's Planting Seeds Blog"},"image":{"@id":"https:\/\/plantingseedsblog.cdfa.ca.gov\/wordpress\/#\/schema\/logo\/image\/"}}]}},"jetpack_sharing_enabled":true,"jetpack_shortlink":"https:\/\/wp.me\/P2eYDv-1tm","_links":{"self":[{"href":"https:\/\/plantingseedsblog.cdfa.ca.gov\/wordpress\/index.php\/wp-json\/wp\/v2\/pages\/5664","targetHints":{"allow":["GET"]}}],"collection":[{"href":"https:\/\/plantingseedsblog.cdfa.ca.gov\/wordpress\/index.php\/wp-json\/wp\/v2\/pages"}],"about":[{"href":"https:\/\/plantingseedsblog.cdfa.ca.gov\/wordpress\/index.php\/wp-json\/wp\/v2\/types\/page"}],"author":[{"embeddable":true,"href":"https:\/\/plantingseedsblog.cdfa.ca.gov\/wordpress\/index.php\/wp-json\/wp\/v2\/users\/12"}],"replies":[{"embeddable":true,"href":"https:\/\/plantingseedsblog.cdfa.ca.gov\/wordpress\/index.php\/wp-json\/wp\/v2\/comments?post=5664"}],"version-history":[{"count":7,"href":"https:\/\/plantingseedsblog.cdfa.ca.gov\/wordpress\/index.php\/wp-json\/wp\/v2\/pages\/5664\/revisions"}],"predecessor-version":[{"id":20329,"href":"https:\/\/plantingseedsblog.cdfa.ca.gov\/wordpress\/index.php\/wp-json\/wp\/v2\/pages\/5664\/revisions\/20329"}],"wp:attachment":[{"href":"https:\/\/plantingseedsblog.cdfa.ca.gov\/wordpress\/index.php\/wp-json\/wp\/v2\/media?parent=5664"}],"curies":[{"name":"wp","href":"https:\/\/api.w.org\/{rel}","templated":true}]}}